{"id":2,"date":"2019-07-04T10:32:39","date_gmt":"2019-07-04T10:32:39","guid":{"rendered":"http:\/\/noclegigoldap.pl\/?page_id=2"},"modified":"2019-07-15T11:05:53","modified_gmt":"2019-07-15T09:05:53","slug":"przykladowa-strona","status":"publish","type":"page","link":"https:\/\/kwaterygoldap.pl\/","title":{"rendered":"O nas"},"content":{"rendered":"\n<p>Kwatery w Go\u0142dapi to obiekt usytuowany przy samej granicy z Obwodem Kaliningradzkim &#8211; dok\u0142adnie 400 metr\u00f3w od obwodnicy Go\u0142dapi. Takie po\u0142o\u017cenie daje gwarancj\u0119 \u015bwietnego dojazdu zar\u00f3wno do centrum miasta, jak i do przej\u015bcia granicznego Go\u0142dap &#8211; Gusiew. W bliskim s\u0105siedztwie znajduje si\u0119 najwi\u0119kszy w Polsce market sieci Biedronka. Na terenie obiektu znajduje si\u0119 natomiast sklep z artyku\u0142ami z Niemiec i Anglii, m.in. chemi\u0105, kaw\u0105, herbat\u0105 i s\u0142odyczami.<br><\/p>\n\n\n\n<p>Gwarantowany przez nas standard to: schludnie i skromnie. Naszym go\u015bciom zapewniamy podstawowe udogodnienia: wygodne \u0142\u00f3\u017cka, czyst\u0105, zawsze pachn\u0105c\u0105 po\u015bciel, funkcjonalne sanitariaty oraz w pe\u0142ni wyposa\u017cone aneksy kuchenne. Trzeba przy tym podkre\u015bli\u0107, \u017ce obiekt dzia\u0142a na zasadzie hotelu pracowniczego, a wi\u0119c nie jest to klasyczny hotel. W budynku s\u0105 prowadzone inne us\u0142ugi, m.in. warsztat samochodowy. Z tego powodu nasza oferta skierowana jest przede wszystkim do os\u00f3b szukaj\u0105cych tanich nocleg\u00f3w typu &#8222;sleep&amp;go&#8221;, albo firm poszukuj\u0105cych kwater pracowniczych.\u00a0<br><\/p>\n\n\n\n<p>W standardzie jest r\u00f3wnie\u017c bezp\u0142atne WiFi na terenie ca\u0142ego obiektu oraz telewizor z p\u0142askim ekranem w ka\u017cdym pokoju. Do Pa\u0144stwa dyspozycji jest tak\u017ce ziele\u0144 wok\u00f3\u0142 budynku. Na \u017cyczenie udost\u0119pniamy meble ogrodowe i grill.<\/p>\n\n\n\n<p>Na terenie obiektu znajduje si\u0119 du\u017cy plac parkingowy. Obiekt jest monitorowany.<\/p>\n\n\n\n<p>Na koniec chcieliby\u015bmy powiedzie\u0107 o czym\u015b, z czego jeste\u015bmy szczeg\u00f3lnie dumni, a nasi go\u015bcie zadowoleni &#8211; mi\u0142a i serdeczna obs\u0142uga. Jeste\u015bmy firm\u0105 rodzinn\u0105, ka\u017cdy go\u015b\u0107 jest dla nas bardzo wa\u017cny. Zawsze dok\u0142adamy wszelkich stara\u0144 w ramach skromnych mo\u017cliwo\u015bci, \u017ceby niwelowa\u0107 pojawiaj\u0105ce si\u0119 niedostatki i niedogodno\u015bci. <\/p>\n\n\n\n<p>Zawsze jeste\u015bmy do Pa\u0144stwa dyspozycji!<\/p>\n\n\n\n<p><\/p>\n\n\n\n<p><\/p>\n","protected":false},"excerpt":{"rendered":"<p>Kwatery w Go\u0142dapi to obiekt usytuowany przy samej granicy z Obwodem Kaliningradzkim &#8211; dok\u0142adnie 400 metr\u00f3w od obwodnicy Go\u0142dapi. Takie po\u0142o\u017cenie daje gwarancj\u0119 \u015bwietnego dojazdu zar\u00f3wno do centrum miasta, jak i do przej\u015bcia granicznego Go\u0142dap &#8230;<\/p>\n","protected":false},"author":1,"featured_media":0,"parent":0,"menu_order":0,"comment_status":"closed","ping_status":"open","template":"","meta":{"footnotes":""},"class_list":["post-2","page","type-page","status-publish","hentry"],"_links":{"self":[{"href":"https:\/\/kwaterygoldap.pl\/index.php\/wp-json\/wp\/v2\/pages\/2","targetHints":{"allow":["GET"]}}],"collection":[{"href":"https:\/\/kwaterygoldap.pl\/index.php\/wp-json\/wp\/v2\/pages"}],"about":[{"href":"https:\/\/kwaterygoldap.pl\/index.php\/wp-json\/wp\/v2\/types\/page"}],"author":[{"embeddable":true,"href":"https:\/\/kwaterygoldap.pl\/index.php\/wp-json\/wp\/v2\/users\/1"}],"replies":[{"embeddable":true,"href":"https:\/\/kwaterygoldap.pl\/index.php\/wp-json\/wp\/v2\/comments?post=2"}],"version-history":[{"count":8,"href":"https:\/\/kwaterygoldap.pl\/index.php\/wp-json\/wp\/v2\/pages\/2\/revisions"}],"predecessor-version":[{"id":174,"href":"https:\/\/kwaterygoldap.pl\/index.php\/wp-json\/wp\/v2\/pages\/2\/revisions\/174"}],"wp:attachment":[{"href":"https:\/\/kwaterygoldap.pl\/index.php\/wp-json\/wp\/v2\/media?parent=2"}],"curies":[{"name":"wp","href":"https:\/\/api.w.org\/{rel}","templated":true}]}}